{"id":1202,"date":"2017-08-16T15:03:08","date_gmt":"2017-08-16T15:03:08","guid":{"rendered":"https:\/\/snsac.com\/es\/?page_id=1202"},"modified":"2026-02-03T18:38:03","modified_gmt":"2026-02-03T23:38:03","slug":"servicios","status":"publish","type":"page","link":"https:\/\/snsac.com\/es\/servicios\/","title":{"rendered":"Servicios"},"content":{"rendered":"<p>[vc_row][vc_column][\/vc_column][\/vc_row][vc_row][vc_column][vc_empty_space height=\u00bb15em\u00bb alter_height=\u00bbnone\u00bb hide_on_mobile=\u00bb\u00bb]<div class=\"sc_services sc_services_default\" data-slides-per-view=\"3\" data-slides-min-width=\"200\"\t\t>\n\t\t<h2 class=\"sc_item_title sc_services_title sc_align_default sc_item_title_style_default\"><strong>Nuestros Servicios<\/strong><\/h2><div class=\"sc_services_columns sc_item_columns trx_addons_columns_wrap columns_padding_bottom\"><div class=\"trx_addons_column-1_3\"><div class=\"sc_services_item with_image sc_services_item_featured_top\">\n\t<div class=\"post_featured with_thumb hover_dots sc_services_item_thumb\"><img width=\"370\" height=\"370\" src=\"https:\/\/snsac.com\/es\/wp-content\/uploads\/2016\/11\/services-3-1-370x370.jpg\" class=\"attachment-trx_addons-thumb-avatar size-trx_addons-thumb-avatar wp-post-image\" alt=\"Carga Mar\u00edtima\" loading=\"lazy\" srcset=\"https:\/\/snsac.com\/es\/wp-content\/uploads\/2016\/11\/services-3-1-370x370.jpg 370w, https:\/\/snsac.com\/es\/wp-content\/uploads\/2016\/11\/services-3-1-150x150.jpg 150w, https:\/\/snsac.com\/es\/wp-content\/uploads\/2016\/11\/services-3-1-300x300.jpg 300w, https:\/\/snsac.com\/es\/wp-content\/uploads\/2016\/11\/services-3-1-768x768.jpg 768w, https:\/\/snsac.com\/es\/wp-content\/uploads\/2016\/11\/services-3-1-1024x1024.jpg 1024w, https:\/\/snsac.com\/es\/wp-content\/uploads\/2016\/11\/services-3-1-90x90.jpg 90w, https:\/\/snsac.com\/es\/wp-content\/uploads\/2016\/11\/services-3-1-770x770.jpg 770w, https:\/\/snsac.com\/es\/wp-content\/uploads\/2016\/11\/services-3-1.jpg 1200w\" sizes=\"(max-width: 370px) 100vw, 370px\" \/><div class=\"mask\">2<\/div>  <a href=\"https:\/\/snsac.com\/es\/transporte-maritimo\/\" aria-hidden=\"true\" class=\"icons\"><span><\/span><span><\/span><span><\/span><\/a><\/div>\t\n\t<div class=\"sc_services_item_info\">\n\t\t<div class=\"sc_services_item_header\">\n\t\t\t<h4 class=\"sc_services_item_title\"><!-- <a href=\"https:\/\/snsac.com\/es\/services\/transporte-maritimo\/\/lucho\"> -->Carga Mar\u00edtima<!-- <\/a> --><\/h4>\n\t\t\t<!--<div class=\"sc_services_item_subtitle\"><a href=\"https:\/\/snsac.com\/es\/services_group\/image-services\/\" title=\"View all posts in Image Services\">Image Services<\/a><\/div> -->\n\t\t<\/div>\n\t\t\t\t\t<div class=\"sc_services_item_content\"><p>En SN Freight Shipping hemos establecido buenas relaciones con un grupo exclusivo de navieras y consolidadoras.<\/p>\n<\/div>\n\t\t\t \n\t\t\t\t\t\t<\/div>\n<\/div>\n<\/div><div class=\"trx_addons_column-1_3\"><div class=\"sc_services_item with_image sc_services_item_featured_top\">\n\t<div class=\"post_featured with_thumb hover_dots sc_services_item_thumb\"><img width=\"370\" height=\"370\" src=\"https:\/\/snsac.com\/es\/wp-content\/uploads\/2016\/11\/services-1-1-370x370.jpg\" class=\"attachment-trx_addons-thumb-avatar size-trx_addons-thumb-avatar wp-post-image\" alt=\"Distribuci\u00f3n\" loading=\"lazy\" srcset=\"https:\/\/snsac.com\/es\/wp-content\/uploads\/2016\/11\/services-1-1-370x370.jpg 370w, https:\/\/snsac.com\/es\/wp-content\/uploads\/2016\/11\/services-1-1-150x150.jpg 150w, https:\/\/snsac.com\/es\/wp-content\/uploads\/2016\/11\/services-1-1-300x300.jpg 300w, https:\/\/snsac.com\/es\/wp-content\/uploads\/2016\/11\/services-1-1-768x768.jpg 768w, https:\/\/snsac.com\/es\/wp-content\/uploads\/2016\/11\/services-1-1-1024x1024.jpg 1024w, https:\/\/snsac.com\/es\/wp-content\/uploads\/2016\/11\/services-1-1-90x90.jpg 90w, https:\/\/snsac.com\/es\/wp-content\/uploads\/2016\/11\/services-1-1-770x770.jpg 770w, https:\/\/snsac.com\/es\/wp-content\/uploads\/2016\/11\/services-1-1.jpg 1200w\" sizes=\"(max-width: 370px) 100vw, 370px\" \/><div class=\"mask\">2<\/div>  <a href=\"https:\/\/snsac.com\/es\/distribucion\/\" aria-hidden=\"true\" class=\"icons\"><span><\/span><span><\/span><span><\/span><\/a><\/div>\t\n\t<div class=\"sc_services_item_info\">\n\t\t<div class=\"sc_services_item_header\">\n\t\t\t<h4 class=\"sc_services_item_title\"><!-- <a href=\"https:\/\/snsac.com\/es\/services\/distribucion\/\/lucho\"> -->Distribuci\u00f3n<!-- <\/a> --><\/h4>\n\t\t\t<!--<div class=\"sc_services_item_subtitle\"><a href=\"https:\/\/snsac.com\/es\/services_group\/image-services\/\" title=\"View all posts in Image Services\">Image Services<\/a><\/div> -->\n\t\t<\/div>\n\t\t\t\t\t<div class=\"sc_services_item_content\"><p>Llegamos a todo el pa\u00eds por v\u00eda terrestre aprovechando los anexos de comunicaci\u00f3n en el Per\u00fa.<\/p>\n<\/div>\n\t\t\t \n\t\t\t\t\t\t<\/div>\n<\/div>\n<\/div><div class=\"trx_addons_column-1_3\"><div class=\"sc_services_item with_image sc_services_item_featured_top\">\n\t<div class=\"post_featured with_thumb hover_dots sc_services_item_thumb\"><img width=\"370\" height=\"370\" src=\"https:\/\/snsac.com\/es\/wp-content\/uploads\/2016\/11\/services-2-1-370x370.jpg\" class=\"attachment-trx_addons-thumb-avatar size-trx_addons-thumb-avatar wp-post-image\" alt=\"Carga A\u00e9rea\" loading=\"lazy\" srcset=\"https:\/\/snsac.com\/es\/wp-content\/uploads\/2016\/11\/services-2-1-370x370.jpg 370w, https:\/\/snsac.com\/es\/wp-content\/uploads\/2016\/11\/services-2-1-150x150.jpg 150w, https:\/\/snsac.com\/es\/wp-content\/uploads\/2016\/11\/services-2-1-300x300.jpg 300w, https:\/\/snsac.com\/es\/wp-content\/uploads\/2016\/11\/services-2-1-768x768.jpg 768w, https:\/\/snsac.com\/es\/wp-content\/uploads\/2016\/11\/services-2-1-1024x1024.jpg 1024w, https:\/\/snsac.com\/es\/wp-content\/uploads\/2016\/11\/services-2-1-90x90.jpg 90w, https:\/\/snsac.com\/es\/wp-content\/uploads\/2016\/11\/services-2-1-770x770.jpg 770w, https:\/\/snsac.com\/es\/wp-content\/uploads\/2016\/11\/services-2-1.jpg 1200w\" sizes=\"(max-width: 370px) 100vw, 370px\" \/><div class=\"mask\">2<\/div>  <a href=\"https:\/\/snsac.com\/es\/carga-aerea\/\" aria-hidden=\"true\" class=\"icons\"><span><\/span><span><\/span><span><\/span><\/a><\/div>\t\n\t<div class=\"sc_services_item_info\">\n\t\t<div class=\"sc_services_item_header\">\n\t\t\t<h4 class=\"sc_services_item_title\"><!-- <a href=\"https:\/\/snsac.com\/es\/services\/carga-aerea\/\/lucho\"> -->Carga A\u00e9rea<!-- <\/a> --><\/h4>\n\t\t\t<!--<div class=\"sc_services_item_subtitle\"><a href=\"https:\/\/snsac.com\/es\/services_group\/image-services\/\" title=\"View all posts in Image Services\">Image Services<\/a><\/div> -->\n\t\t<\/div>\n\t\t\t\t\t<div class=\"sc_services_item_content\"><p>Tenemos la capacidad de ofrecer embarques v\u00eda a\u00e9rea desde y hacia cualquier parte del mundo.<\/p>\n<\/div>\n\t\t\t \n\t\t\t\t\t\t<\/div>\n<\/div>\n<\/div><div class=\"trx_addons_column-1_3\"><div class=\"sc_services_item with_image sc_services_item_featured_top\">\n\t<div class=\"post_featured with_thumb hover_dots sc_services_item_thumb\"><img width=\"370\" height=\"370\" src=\"https:\/\/snsac.com\/es\/wp-content\/uploads\/2017\/08\/proyectos-370x370.jpg\" class=\"attachment-trx_addons-thumb-avatar size-trx_addons-thumb-avatar wp-post-image\" alt=\"Carga de Proyectos\" loading=\"lazy\" srcset=\"https:\/\/snsac.com\/es\/wp-content\/uploads\/2017\/08\/proyectos-370x370.jpg 370w, https:\/\/snsac.com\/es\/wp-content\/uploads\/2017\/08\/proyectos-150x150.jpg 150w, https:\/\/snsac.com\/es\/wp-content\/uploads\/2017\/08\/proyectos-90x90.jpg 90w\" sizes=\"(max-width: 370px) 100vw, 370px\" \/><div class=\"mask\">2<\/div>  <a href=\"https:\/\/snsac.com\/es\/carga-de-proyectos\/\" aria-hidden=\"true\" class=\"icons\"><span><\/span><span><\/span><span><\/span><\/a><\/div>\t\n\t<div class=\"sc_services_item_info\">\n\t\t<div class=\"sc_services_item_header\">\n\t\t\t<h4 class=\"sc_services_item_title\"><!-- <a href=\"https:\/\/snsac.com\/es\/services\/carga-de-proyectos\/\/lucho\"> -->Carga de Proyectos<!-- <\/a> --><\/h4>\n\t\t\t<!--<div class=\"sc_services_item_subtitle\"><a href=\"https:\/\/snsac.com\/es\/services_group\/image-services\/\" title=\"View all posts in Image Services\">Image Services<\/a><\/div> -->\n\t\t<\/div>\n\t\t\t\t\t<div class=\"sc_services_item_content\"><p>Atendemos las cargas con clasificaci\u00f3n break bulk, sobredimensionada y contenedores especiales.<\/p>\n<\/div>\n\t\t\t \n\t\t\t\t\t\t<\/div>\n<\/div>\n<\/div><div class=\"trx_addons_column-1_3\"><div class=\"sc_services_item with_image sc_services_item_featured_top\">\n\t<div class=\"post_featured with_thumb hover_dots sc_services_item_thumb\"><img width=\"370\" height=\"370\" src=\"https:\/\/snsac.com\/es\/wp-content\/uploads\/2017\/08\/logistica-integral2-370x370.jpg\" class=\"attachment-trx_addons-thumb-avatar size-trx_addons-thumb-avatar wp-post-image\" alt=\"Log\u00edstica Integral\" loading=\"lazy\" srcset=\"https:\/\/snsac.com\/es\/wp-content\/uploads\/2017\/08\/logistica-integral2-370x370.jpg 370w, https:\/\/snsac.com\/es\/wp-content\/uploads\/2017\/08\/logistica-integral2-150x150.jpg 150w, https:\/\/snsac.com\/es\/wp-content\/uploads\/2017\/08\/logistica-integral2-90x90.jpg 90w\" sizes=\"(max-width: 370px) 100vw, 370px\" \/><div class=\"mask\">2<\/div>  <a href=\"https:\/\/snsac.com\/es\/logistica-integral\/\" aria-hidden=\"true\" class=\"icons\"><span><\/span><span><\/span><span><\/span><\/a><\/div>\t\n\t<div class=\"sc_services_item_info\">\n\t\t<div class=\"sc_services_item_header\">\n\t\t\t<h4 class=\"sc_services_item_title\"><!-- <a href=\"https:\/\/snsac.com\/es\/services\/logistica-integral\/\/lucho\"> -->Log\u00edstica Integral<!-- <\/a> --><\/h4>\n\t\t\t<!--<div class=\"sc_services_item_subtitle\"><a href=\"https:\/\/snsac.com\/es\/services_group\/image-services\/\" title=\"View all posts in Image Services\">Image Services<\/a><\/div> -->\n\t\t<\/div>\n\t\t\t\t\t<div class=\"sc_services_item_content\"><p>Somos tu agencia de carga internacional, te brindamos el soporte log\u00edstico de importaci\u00f3n y exportaci\u00f3n.<\/p>\n<\/div>\n\t\t\t \n\t\t\t\t\t\t<\/div>\n<\/div>\n<\/div><div class=\"trx_addons_column-1_3\"><div class=\"sc_services_item with_image sc_services_item_featured_top\">\n\t<div class=\"post_featured with_thumb hover_dots sc_services_item_thumb\"><img width=\"370\" height=\"370\" src=\"https:\/\/snsac.com\/es\/wp-content\/uploads\/2017\/08\/container-trucks-and-port-activity_SFUZGLRNs-370x370.jpg\" class=\"attachment-trx_addons-thumb-avatar size-trx_addons-thumb-avatar wp-post-image\" alt=\"Agenciamiento de Aduanas\" loading=\"lazy\" srcset=\"https:\/\/snsac.com\/es\/wp-content\/uploads\/2017\/08\/container-trucks-and-port-activity_SFUZGLRNs-370x370.jpg 370w, https:\/\/snsac.com\/es\/wp-content\/uploads\/2017\/08\/container-trucks-and-port-activity_SFUZGLRNs-150x150.jpg 150w, https:\/\/snsac.com\/es\/wp-content\/uploads\/2017\/08\/container-trucks-and-port-activity_SFUZGLRNs-90x90.jpg 90w\" sizes=\"(max-width: 370px) 100vw, 370px\" \/><div class=\"mask\">2<\/div>  <a href=\"https:\/\/snsac.com\/es\/agenciamiento-de-aduanas\/\" aria-hidden=\"true\" class=\"icons\"><span><\/span><span><\/span><span><\/span><\/a><\/div>\t\n\t<div class=\"sc_services_item_info\">\n\t\t<div class=\"sc_services_item_header\">\n\t\t\t<h4 class=\"sc_services_item_title\"><!-- <a href=\"https:\/\/snsac.com\/es\/services\/agenciamiento-de-aduanas\/\/lucho\"> -->Agenciamiento de Aduanas<!-- <\/a> --><\/h4>\n\t\t\t<!--<div class=\"sc_services_item_subtitle\"><a href=\"https:\/\/snsac.com\/es\/services_group\/image-services\/\" title=\"View all posts in Image Services\">Image Services<\/a><\/div> -->\n\t\t<\/div>\n\t\t\t\t\t<div class=\"sc_services_item_content\"><p>Mediante nuestra Red Internacional de Trabajo proveemos Servicio de Aduanas en la ciudad que su despacho lo requiera.<\/p>\n<\/div>\n\t\t\t \n\t\t\t\t\t\t<\/div>\n<\/div>\n<\/div><\/div><\/div><!-- \/.sc_services -->[vc_empty_space height=\u00bb10em\u00bb alter_height=\u00bbnone\u00bb hide_on_mobile=\u00bb\u00bb][\/vc_column][\/vc_row][vc_row css=\u00bb.vc_custom_1770161847014{margin-top: 30px !important;margin-bottom: 60px !important;}\u00bb][vc_column width=\u00bb1\/4&#8243;][\/vc_column][vc_column width=\u00bb1\/2&#8243;][vc_row_inner][vc_column_inner width=\u00bb1\/3&#8243;][vc_btn title=\u00bbTarifario Importaci\u00f3n Asia\u00bb color=\u00bbblue\u00bb css_animation=\u00bbnone\u00bb link=\u00bburl:https%3A%2F%2Fsnsac.com%2Fes%2Fwp-content%2Fuploads%2F2026%2F02%2FTARIFARIO-IMPO-ASIA-33.pdf|title:tarifario%20importacion%20asia|target:_blank|rel:nofollow\u00bb][\/vc_column_inner][vc_column_inner width=\u00bb1\/3&#8243;][vc_btn title=\u00bbTarifario Importaci\u00f3n Europa\u00bb color=\u00bbblue\u00bb link=\u00bburl:https%3A%2F%2Fsnsac.com%2Fes%2Fwp-content%2Fuploads%2F2026%2F02%2FTARIFARIO-IMPO-EUROPA-18.pdf|title:tarifario%20importacion%20europa|target:_blank|rel:nofollow\u00bb][\/vc_column_inner][vc_column_inner width=\u00bb1\/3&#8243;][vc_btn title=\u00bbTarifario Importaci\u00f3n America\u00bb color=\u00bbblue\u00bb link=\u00bburl:https%3A%2F%2Fsnsac.com%2Fes%2Fwp-content%2Fuploads%2F2026%2F02%2FTARIFARIO-IMPO-AMERICA-98.pdf|title:tarifario%20importacion%20asia|target:_blank|rel:nofollow\u00bb][\/vc_column_inner][\/vc_row_inner][\/vc_column][vc_column width=\u00bb1\/4&#8243;][\/vc_column][\/vc_row]<\/p>\n","protected":false},"excerpt":{"rendered":"<p>[vc_row][vc_column][\/vc_column][\/vc_row][vc_row][vc_column][vc_empty_space height=\u00bb15em\u00bb alter_height=\u00bbnone\u00bb hide_on_mobile=\u00bb\u00bb][vc_empty_space height=\u00bb10em\u00bb alter_height=\u00bbnone\u00bb hide_on_mobile=\u00bb\u00bb][\/vc_column][\/vc_row][vc_row css=\u00bb.vc_custom_1770161847014{margin-top: 30px !important;margin-bottom: 60px !important;}\u00bb][vc_column width=\u00bb1\/4&#8243;][\/vc_column][vc_column width=\u00bb1\/2&#8243;][vc_row_inner][vc_column_inner width=\u00bb1\/3&#8243;][vc_btn title=\u00bbTarifario Importaci\u00f3n Asia\u00bb color=\u00bbblue\u00bb css_animation=\u00bbnone\u00bb link=\u00bburl:https%3A%2F%2Fsnsac.com%2Fes%2Fwp-content%2Fuploads%2F2026%2F02%2FTARIFARIO-IMPO-ASIA-33.pdf|title:tarifario%20importacion%20asia|target:_blank|rel:nofollow\u00bb][\/vc_column_inner][vc_column_inner width=\u00bb1\/3&#8243;][vc_btn title=\u00bbTarifario Importaci\u00f3n Europa\u00bb color=\u00bbblue\u00bb link=\u00bburl:https%3A%2F%2Fsnsac.com%2Fes%2Fwp-content%2Fuploads%2F2026%2F02%2FTARIFARIO-IMPO-EUROPA-18.pdf|title:tarifario%20importacion%20europa|target:_blank|rel:nofollow\u00bb][\/vc_column_inner][vc_column_inner width=\u00bb1\/3&#8243;][vc_btn title=\u00bbTarifario Importaci\u00f3n America\u00bb color=\u00bbblue\u00bb link=\u00bburl:https%3A%2F%2Fsnsac.com%2Fes%2Fwp-content%2Fuploads%2F2026%2F02%2FTARIFARIO-IMPO-AMERICA-98.pdf|title:tarifario%20importacion%20asia|target:_blank|rel:nofollow\u00bb][\/vc_column_inner][\/vc_row_inner][\/vc_column][vc_column width=\u00bb1\/4&#8243;][\/vc_column][\/vc_row]<\/p>\n","protected":false},"author":1,"featured_media":0,"parent":0,"menu_order":0,"comment_status":"closed","ping_status":"closed","template":"","meta":[],"yoast_head":"<!-- This site is optimized with the Yoast SEO plugin v18.5.1 - https:\/\/yoast.com\/wordpress\/plugins\/seo\/ -->\n<title>Servicios - SN Freight Shipping SAC<\/title>\n<meta name=\"robots\" content=\"index, follow, max-snippet:-1, max-image-preview:large, max-video-preview:-1\" \/>\n<link rel=\"canonical\" href=\"https:\/\/snsac.com\/es\/servicios\/\" \/>\n<meta property=\"og:locale\" content=\"es_ES\" \/>\n<meta property=\"og:type\" content=\"article\" \/>\n<meta property=\"og:title\" content=\"Servicios - SN Freight Shipping SAC\" \/>\n<meta property=\"og:description\" content=\"[vc_row][vc_column][\/vc_column][\/vc_row][vc_row][vc_column][vc_empty_space height=\u00bb15em\u00bb alter_height=\u00bbnone\u00bb hide_on_mobile=\u00bb\u00bb][vc_empty_space height=\u00bb10em\u00bb alter_height=\u00bbnone\u00bb hide_on_mobile=\u00bb\u00bb][\/vc_column][\/vc_row][vc_row css=\u00bb.vc_custom_1770161847014{margin-top: 30px !important;margin-bottom: 60px !important;}\u00bb][vc_column width=\u00bb1\/4&#8243;][\/vc_column][vc_column width=\u00bb1\/2&#8243;][vc_row_inner][vc_column_inner width=\u00bb1\/3&#8243;][vc_btn title=\u00bbTarifario Importaci\u00f3n Asia\u00bb color=\u00bbblue\u00bb css_animation=\u00bbnone\u00bb link=\u00bburl:https%3A%2F%2Fsnsac.com%2Fes%2Fwp-content%2Fuploads%2F2026%2F02%2FTARIFARIO-IMPO-ASIA-33.pdf|title:tarifario%20importacion%20asia|target:_blank|rel:nofollow\u00bb][\/vc_column_inner][vc_column_inner width=\u00bb1\/3&#8243;][vc_btn title=\u00bbTarifario Importaci\u00f3n Europa\u00bb color=\u00bbblue\u00bb link=\u00bburl:https%3A%2F%2Fsnsac.com%2Fes%2Fwp-content%2Fuploads%2F2026%2F02%2FTARIFARIO-IMPO-EUROPA-18.pdf|title:tarifario%20importacion%20europa|target:_blank|rel:nofollow\u00bb][\/vc_column_inner][vc_column_inner width=\u00bb1\/3&#8243;][vc_btn title=\u00bbTarifario Importaci\u00f3n America\u00bb color=\u00bbblue\u00bb link=\u00bburl:https%3A%2F%2Fsnsac.com%2Fes%2Fwp-content%2Fuploads%2F2026%2F02%2FTARIFARIO-IMPO-AMERICA-98.pdf|title:tarifario%20importacion%20asia|target:_blank|rel:nofollow\u00bb][\/vc_column_inner][\/vc_row_inner][\/vc_column][vc_column width=\u00bb1\/4&#8243;][\/vc_column][\/vc_row]\" \/>\n<meta property=\"og:url\" content=\"https:\/\/snsac.com\/es\/servicios\/\" \/>\n<meta property=\"og:site_name\" content=\"SN Freight Shipping SAC\" \/>\n<meta property=\"article:modified_time\" content=\"2026-02-03T23:38:03+00:00\" \/>\n<meta name=\"twitter:card\" content=\"summary\" \/>\n<meta name=\"twitter:label1\" content=\"Tiempo de lectura\" \/>\n\t<meta name=\"twitter:data1\" content=\"1 minuto\" \/>\n<script type=\"application\/ld+json\" class=\"yoast-schema-graph\">{\"@context\":\"https:\/\/schema.org\",\"@graph\":[{\"@type\":\"WebSite\",\"@id\":\"https:\/\/snsac.com\/es\/#website\",\"url\":\"https:\/\/snsac.com\/es\/\",\"name\":\"SN Freight Shipping SAC\",\"description\":\"SN Freight Shipping SAC\",\"potentialAction\":[{\"@type\":\"SearchAction\",\"target\":{\"@type\":\"EntryPoint\",\"urlTemplate\":\"https:\/\/snsac.com\/es\/?s={search_term_string}\"},\"query-input\":\"required name=search_term_string\"}],\"inLanguage\":\"es\"},{\"@type\":\"WebPage\",\"@id\":\"https:\/\/snsac.com\/es\/servicios\/#webpage\",\"url\":\"https:\/\/snsac.com\/es\/servicios\/\",\"name\":\"Servicios - SN Freight Shipping SAC\",\"isPartOf\":{\"@id\":\"https:\/\/snsac.com\/es\/#website\"},\"datePublished\":\"2017-08-16T15:03:08+00:00\",\"dateModified\":\"2026-02-03T23:38:03+00:00\",\"breadcrumb\":{\"@id\":\"https:\/\/snsac.com\/es\/servicios\/#breadcrumb\"},\"inLanguage\":\"es\",\"potentialAction\":[{\"@type\":\"ReadAction\",\"target\":[\"https:\/\/snsac.com\/es\/servicios\/\"]}]},{\"@type\":\"BreadcrumbList\",\"@id\":\"https:\/\/snsac.com\/es\/servicios\/#breadcrumb\",\"itemListElement\":[{\"@type\":\"ListItem\",\"position\":1,\"name\":\"Portada\",\"item\":\"https:\/\/snsac.com\/es\/\"},{\"@type\":\"ListItem\",\"position\":2,\"name\":\"Servicios\"}]}]}<\/script>\n<!-- \/ Yoast SEO plugin. -->","yoast_head_json":{"title":"Servicios - SN Freight Shipping SAC","robots":{"index":"index","follow":"follow","max-snippet":"max-snippet:-1","max-image-preview":"max-image-preview:large","max-video-preview":"max-video-preview:-1"},"canonical":"https:\/\/snsac.com\/es\/servicios\/","og_locale":"es_ES","og_type":"article","og_title":"Servicios - SN Freight Shipping SAC","og_description":"[vc_row][vc_column][\/vc_column][\/vc_row][vc_row][vc_column][vc_empty_space height=\u00bb15em\u00bb alter_height=\u00bbnone\u00bb hide_on_mobile=\u00bb\u00bb][vc_empty_space height=\u00bb10em\u00bb alter_height=\u00bbnone\u00bb hide_on_mobile=\u00bb\u00bb][\/vc_column][\/vc_row][vc_row css=\u00bb.vc_custom_1770161847014{margin-top: 30px !important;margin-bottom: 60px !important;}\u00bb][vc_column width=\u00bb1\/4&#8243;][\/vc_column][vc_column width=\u00bb1\/2&#8243;][vc_row_inner][vc_column_inner width=\u00bb1\/3&#8243;][vc_btn title=\u00bbTarifario Importaci\u00f3n Asia\u00bb color=\u00bbblue\u00bb css_animation=\u00bbnone\u00bb link=\u00bburl:https%3A%2F%2Fsnsac.com%2Fes%2Fwp-content%2Fuploads%2F2026%2F02%2FTARIFARIO-IMPO-ASIA-33.pdf|title:tarifario%20importacion%20asia|target:_blank|rel:nofollow\u00bb][\/vc_column_inner][vc_column_inner width=\u00bb1\/3&#8243;][vc_btn title=\u00bbTarifario Importaci\u00f3n Europa\u00bb color=\u00bbblue\u00bb link=\u00bburl:https%3A%2F%2Fsnsac.com%2Fes%2Fwp-content%2Fuploads%2F2026%2F02%2FTARIFARIO-IMPO-EUROPA-18.pdf|title:tarifario%20importacion%20europa|target:_blank|rel:nofollow\u00bb][\/vc_column_inner][vc_column_inner width=\u00bb1\/3&#8243;][vc_btn title=\u00bbTarifario Importaci\u00f3n America\u00bb color=\u00bbblue\u00bb link=\u00bburl:https%3A%2F%2Fsnsac.com%2Fes%2Fwp-content%2Fuploads%2F2026%2F02%2FTARIFARIO-IMPO-AMERICA-98.pdf|title:tarifario%20importacion%20asia|target:_blank|rel:nofollow\u00bb][\/vc_column_inner][\/vc_row_inner][\/vc_column][vc_column width=\u00bb1\/4&#8243;][\/vc_column][\/vc_row]","og_url":"https:\/\/snsac.com\/es\/servicios\/","og_site_name":"SN Freight Shipping SAC","article_modified_time":"2026-02-03T23:38:03+00:00","twitter_card":"summary","twitter_misc":{"Tiempo de lectura":"1 minuto"},"schema":{"@context":"https:\/\/schema.org","@graph":[{"@type":"WebSite","@id":"https:\/\/snsac.com\/es\/#website","url":"https:\/\/snsac.com\/es\/","name":"SN Freight Shipping SAC","description":"SN Freight Shipping SAC","potentialAction":[{"@type":"SearchAction","target":{"@type":"EntryPoint","urlTemplate":"https:\/\/snsac.com\/es\/?s={search_term_string}"},"query-input":"required name=search_term_string"}],"inLanguage":"es"},{"@type":"WebPage","@id":"https:\/\/snsac.com\/es\/servicios\/#webpage","url":"https:\/\/snsac.com\/es\/servicios\/","name":"Servicios - SN Freight Shipping SAC","isPartOf":{"@id":"https:\/\/snsac.com\/es\/#website"},"datePublished":"2017-08-16T15:03:08+00:00","dateModified":"2026-02-03T23:38:03+00:00","breadcrumb":{"@id":"https:\/\/snsac.com\/es\/servicios\/#breadcrumb"},"inLanguage":"es","potentialAction":[{"@type":"ReadAction","target":["https:\/\/snsac.com\/es\/servicios\/"]}]},{"@type":"BreadcrumbList","@id":"https:\/\/snsac.com\/es\/servicios\/#breadcrumb","itemListElement":[{"@type":"ListItem","position":1,"name":"Portada","item":"https:\/\/snsac.com\/es\/"},{"@type":"ListItem","position":2,"name":"Servicios"}]}]}},"_links":{"self":[{"href":"https:\/\/snsac.com\/es\/wp-json\/wp\/v2\/pages\/1202"}],"collection":[{"href":"https:\/\/snsac.com\/es\/wp-json\/wp\/v2\/pages"}],"about":[{"href":"https:\/\/snsac.com\/es\/wp-json\/wp\/v2\/types\/page"}],"author":[{"embeddable":true,"href":"https:\/\/snsac.com\/es\/wp-json\/wp\/v2\/users\/1"}],"replies":[{"embeddable":true,"href":"https:\/\/snsac.com\/es\/wp-json\/wp\/v2\/comments?post=1202"}],"version-history":[{"count":17,"href":"https:\/\/snsac.com\/es\/wp-json\/wp\/v2\/pages\/1202\/revisions"}],"predecessor-version":[{"id":2010,"href":"https:\/\/snsac.com\/es\/wp-json\/wp\/v2\/pages\/1202\/revisions\/2010"}],"wp:attachment":[{"href":"https:\/\/snsac.com\/es\/wp-json\/wp\/v2\/media?parent=1202"}],"curies":[{"name":"wp","href":"https:\/\/api.w.org\/{rel}","templated":true}]}}