{"id":1209,"date":"2017-08-16T15:17:42","date_gmt":"2017-08-16T15:17:42","guid":{"rendered":"https:\/\/snsac.com\/es\/?page_id=1209"},"modified":"2017-09-12T19:14:10","modified_gmt":"2017-09-12T19:14:10","slug":"carga-aerea","status":"publish","type":"page","link":"https:\/\/snsac.com\/es\/carga-aerea\/","title":{"rendered":"Carga A\u00e9rea"},"content":{"rendered":"<p>[vc_row][vc_column][vc_empty_space height=\u00bb15em\u00bb alter_height=\u00bbnone\u00bb hide_on_mobile=\u00bb\u00bb]<div id=\"sc_title_235052606\"\n\t\tclass=\"sc_title sc_title_default\"><h2 class=\"sc_item_title sc_title_title sc_align_center sc_item_title_style_default\"><strong>Nuestros Servicios<\/strong><\/h2><\/div><!-- \/.sc_title -->[\/vc_column][\/vc_row][vc_row][vc_column][vc_empty_space height=\u00bb7em\u00bb alter_height=\u00bbnone\u00bb hide_on_mobile=\u00bb\u00bb][vc_row_inner][vc_column_inner width=\u00bb1\/4&#8243;][vc_wp_custommenu nav_menu=\u00bb29&#8243;][\/vc_column_inner][vc_column_inner width=\u00bb3\/4&#8243;]<div id=\"sc_title_1788402334\"\n\t\tclass=\"sc_title sc_title_default\"><h2 class=\"sc_item_title sc_title_title sc_align_left sc_item_title_style_default\">Carga A\u00e9rea<\/h2><\/div><!-- \/.sc_title -->[vc_empty_space height=\u00bb3em\u00bb alter_height=\u00bbnone\u00bb hide_on_mobile=\u00bb\u00bb][vc_column_text]<\/p>\n<p style=\"text-align: justify;\">Atendemos sus actividades de importaci\u00f3n y exportaci\u00f3n de carga, a trav\u00e9s de nuestra red mundial de agentes y convenios con todas las aerol\u00edneas.<\/p>\n<p style=\"text-align: justify;\"><img loading=\"lazy\" class=\"alignright wp-image-1626 size-medium\" src=\"https:\/\/snsac.com\/es\/wp-content\/uploads\/2017\/08\/cargo-300x203.jpg\" alt=\"\" width=\"300\" height=\"203\" srcset=\"https:\/\/snsac.com\/es\/wp-content\/uploads\/2017\/08\/cargo-300x203.jpg 300w, https:\/\/snsac.com\/es\/wp-content\/uploads\/2017\/08\/cargo-768x520.jpg 768w, https:\/\/snsac.com\/es\/wp-content\/uploads\/2017\/08\/cargo-1024x693.jpg 1024w, https:\/\/snsac.com\/es\/wp-content\/uploads\/2017\/08\/cargo-370x250.jpg 370w, https:\/\/snsac.com\/es\/wp-content\/uploads\/2017\/08\/cargo-770x521.jpg 770w, https:\/\/snsac.com\/es\/wp-content\/uploads\/2017\/08\/cargo.jpg 1280w\" sizes=\"(max-width: 300px) 100vw, 300px\" \/>El transporte de mercanc\u00edas por v\u00eda a\u00e9rea trae consigo amplias ventajas como un menor tiempo de tr\u00e1nsito, la tramitaci\u00f3n del papeleo necesario es poca comparado al de otras formas de transporte, una mayor seguridad para sus productos y un tiempo de entrega que no tiene comparaci\u00f3n con la v\u00eda mar\u00edtima y terrestre.<\/p>\n<p style=\"text-align: justify;\">SN Freight Shipping SAC tiene a su disposici\u00f3n una amplia red de agentes en distintas partes del mundo, as\u00ed como tratados con las mejores aerol\u00edneas para poder asegurar que sus mercanc\u00edas cuenten con un espacio de reserva y lleguen a su punto de destino en el menor tiempo posible sin ning\u00fan inconveniente para el bien de usted y su negocio.<\/p>\n<h3 style=\"text-align: justify;\"><strong>Nuestros Servicios:<\/strong><\/h3>\n<ul class=\"fa-ul\">\n<li style=\"text-align: left;\"><i class=\"fa fa-li fa-check\"><\/i>Consolidaci\u00f3n de carga.<\/li>\n<li style=\"text-align: left;\"><i class=\"fa fa-li fa-check\"><\/i>Agenciamiento aduanero.<\/li>\n<li style=\"text-align: left;\"><i class=\"fa fa-li fa-check\"><\/i>Transporte de la carga.<\/li>\n<li style=\"text-align: left;\"><i class=\"fa fa-li fa-check\"><\/i>Charter.<\/li>\n<li style=\"text-align: left;\"><i class=\"fa fa-li fa-check\"><\/i>Transporte especial y fuera de medidas est\u00e1ndar.<\/li>\n<li style=\"text-align: left;\"><i class=\"fa fa-li fa-check\"><\/i>Servicio Est\u00e1ndar o Express (Puerta a puerta &#8211; Aeropuerto a aeropuerto.)<\/li>\n<li style=\"text-align: left;\"><i class=\"fa fa-li fa-check\"><\/i>Handling service.<\/li>\n<\/ul>\n<p>[\/vc_column_text][\/vc_column_inner][\/vc_row_inner][\/vc_column][\/vc_row][vc_row][vc_column][vc_empty_space height=\u00bb6em\u00bb alter_height=\u00bbnone\u00bb hide_on_mobile=\u00bb\u00bb][\/vc_column][\/vc_row][vc_row full_width=\u00bbstretch_row_content_no_spaces\u00bb css=\u00bb.vc_custom_1503935781122{background-image: url(https:\/\/snsac.com\/es\/wp-content\/uploads\/2016\/11\/action-1-1.jpg?id=1392) !important;}\u00bb][vc_column width=\u00bb1\/2&#8243;]<div  id=\"sc_action_1917428724\" \n\tclass=\"scheme_dark sc_action sc_action_simple\" data-slides-min-width=\"250\"\t><div class=\"sc_action_content sc_item_content\"><div class=\"sc_action_item sc_action_item_simple with_image with_bg_color sc_action_fixed_height sc_action_item_mc\" style=\"background-color:rgba(0,0,0,0.01);height:256px;overflow:hidden;\">\n\t\t\t\t\t\t\t<div class=\"sc_action_item_mask\"><\/div>\n\t\t\t\t<div class=\"sc_action_item_inner\">\n\t\t\t\t<h6 class=\"sc_action_item_subtitle\"><span>Siempre defendemos los transportes<\/span><\/h6><h3 class=\"sc_action_item_title\"><span>Calidad y perfomance al precio justo<\/span><\/h3><a href=\"\/es\/contacto\/\" class=\"sc_action_item_link sc_button_border sc_button_icon_right\">cont\u00e1ctenos<\/a><\/div><!-- \/.sc_action_item_inner --><\/div><\/div><\/div><!-- \/.sc_action -->[\/vc_column][vc_column width=\u00bb1\/2&#8243;]<div  id=\"sc_action_1556354757\" \n\tclass=\"scheme_dark sc_action sc_action_simple\" data-slides-min-width=\"250\"\t><div class=\"sc_action_content sc_item_content\"><div class=\"sc_action_item sc_action_item_simple with_image with_bg_color sc_action_fixed_height sc_action_item_mc\" style=\"background-color:rgba(0,0,0,0.01);height:256px;overflow:hidden;\">\n\t\t\t\t\t\t\t<div class=\"sc_action_item_mask\"><\/div>\n\t\t\t\t<div class=\"sc_action_item_inner\">\n\t\t\t\t<h6 class=\"sc_action_item_subtitle\"><span>Pide tu cotizaci\u00f3n ahora mismo.<\/span><\/h6><h3 class=\"sc_action_item_title\"><span>Est\u00e1s a un paso de potenciar tu empresa.<\/span><\/h3><a href=\"\/es\/cotizacion\/\" class=\"sc_action_item_link sc_button_border sc_button_icon_right\">Cotizaci\u00f3n<\/a><\/div><!-- \/.sc_action_item_inner --><\/div><\/div><\/div><!-- \/.sc_action -->[\/vc_column][\/vc_row]<\/p>\n","protected":false},"excerpt":{"rendered":"<p>[vc_row][vc_column][vc_empty_space height=\u00bb15em\u00bb alter_height=\u00bbnone\u00bb hide_on_mobile=\u00bb\u00bb][\/vc_column][\/vc_row][vc_row][vc_column][vc_empty_space height=\u00bb7em\u00bb alter_height=\u00bbnone\u00bb hide_on_mobile=\u00bb\u00bb][vc_row_inner][vc_column_inner width=\u00bb1\/4&#8243;][vc_wp_custommenu nav_menu=\u00bb29&#8243;][\/vc_column_inner][vc_column_inner width=\u00bb3\/4&#8243;][vc_empty_space height=\u00bb3em\u00bb alter_height=\u00bbnone\u00bb hide_on_mobile=\u00bb\u00bb][vc_column_text] Atendemos sus actividades de importaci\u00f3n y exportaci\u00f3n de carga, a trav\u00e9s de nuestra red mundial de agentes y convenios con todas las aerol\u00edneas. El transporte de mercanc\u00edas por v\u00eda a\u00e9rea trae consigo amplias ventajas como un menor tiempo de tr\u00e1nsito, la tramitaci\u00f3n del papeleo necesario es poca&hellip;<\/p>\n","protected":false},"author":1,"featured_media":0,"parent":0,"menu_order":0,"comment_status":"closed","ping_status":"closed","template":"","meta":[],"yoast_head":"<!-- This site is optimized with the Yoast SEO plugin v18.5.1 - https:\/\/yoast.com\/wordpress\/plugins\/seo\/ -->\n<title>Carga A\u00e9rea - SN Freight Shipping SAC<\/title>\n<meta name=\"robots\" content=\"index, follow, max-snippet:-1, max-image-preview:large, max-video-preview:-1\" \/>\n<link rel=\"canonical\" href=\"https:\/\/snsac.com\/es\/carga-aerea\/\" \/>\n<meta property=\"og:locale\" content=\"es_ES\" \/>\n<meta property=\"og:type\" content=\"article\" \/>\n<meta property=\"og:title\" content=\"Carga A\u00e9rea - SN Freight Shipping SAC\" \/>\n<meta property=\"og:description\" content=\"[vc_row][vc_column][vc_empty_space height=\u00bb15em\u00bb alter_height=\u00bbnone\u00bb hide_on_mobile=\u00bb\u00bb][\/vc_column][\/vc_row][vc_row][vc_column][vc_empty_space height=\u00bb7em\u00bb alter_height=\u00bbnone\u00bb hide_on_mobile=\u00bb\u00bb][vc_row_inner][vc_column_inner width=\u00bb1\/4&#8243;][vc_wp_custommenu nav_menu=\u00bb29&#8243;][\/vc_column_inner][vc_column_inner width=\u00bb3\/4&#8243;][vc_empty_space height=\u00bb3em\u00bb alter_height=\u00bbnone\u00bb hide_on_mobile=\u00bb\u00bb][vc_column_text] Atendemos sus actividades de importaci\u00f3n y exportaci\u00f3n de carga, a trav\u00e9s de nuestra red mundial de agentes y convenios con todas las aerol\u00edneas. El transporte de mercanc\u00edas por v\u00eda a\u00e9rea trae consigo amplias ventajas como un menor tiempo de tr\u00e1nsito, la tramitaci\u00f3n del papeleo necesario es poca&hellip;\" \/>\n<meta property=\"og:url\" content=\"https:\/\/snsac.com\/es\/carga-aerea\/\" \/>\n<meta property=\"og:site_name\" content=\"SN Freight Shipping SAC\" \/>\n<meta property=\"article:modified_time\" content=\"2017-09-12T19:14:10+00:00\" \/>\n<meta property=\"og:image\" content=\"https:\/\/snsac.com\/es\/wp-content\/uploads\/2017\/08\/cargo-300x203.jpg\" \/>\n<meta name=\"twitter:card\" content=\"summary\" \/>\n<meta name=\"twitter:label1\" content=\"Tiempo de lectura\" \/>\n\t<meta name=\"twitter:data1\" content=\"3 minutos\" \/>\n<script type=\"application\/ld+json\" class=\"yoast-schema-graph\">{\"@context\":\"https:\/\/schema.org\",\"@graph\":[{\"@type\":\"WebSite\",\"@id\":\"https:\/\/snsac.com\/es\/#website\",\"url\":\"https:\/\/snsac.com\/es\/\",\"name\":\"SN Freight Shipping SAC\",\"description\":\"SN Freight Shipping SAC\",\"potentialAction\":[{\"@type\":\"SearchAction\",\"target\":{\"@type\":\"EntryPoint\",\"urlTemplate\":\"https:\/\/snsac.com\/es\/?s={search_term_string}\"},\"query-input\":\"required name=search_term_string\"}],\"inLanguage\":\"es\"},{\"@type\":\"ImageObject\",\"@id\":\"https:\/\/snsac.com\/es\/carga-aerea\/#primaryimage\",\"inLanguage\":\"es\",\"url\":\"https:\/\/snsac.com\/es\/wp-content\/uploads\/2017\/08\/cargo-300x203.jpg\",\"contentUrl\":\"https:\/\/snsac.com\/es\/wp-content\/uploads\/2017\/08\/cargo-300x203.jpg\"},{\"@type\":\"WebPage\",\"@id\":\"https:\/\/snsac.com\/es\/carga-aerea\/#webpage\",\"url\":\"https:\/\/snsac.com\/es\/carga-aerea\/\",\"name\":\"Carga A\u00e9rea - SN Freight Shipping SAC\",\"isPartOf\":{\"@id\":\"https:\/\/snsac.com\/es\/#website\"},\"primaryImageOfPage\":{\"@id\":\"https:\/\/snsac.com\/es\/carga-aerea\/#primaryimage\"},\"datePublished\":\"2017-08-16T15:17:42+00:00\",\"dateModified\":\"2017-09-12T19:14:10+00:00\",\"breadcrumb\":{\"@id\":\"https:\/\/snsac.com\/es\/carga-aerea\/#breadcrumb\"},\"inLanguage\":\"es\",\"potentialAction\":[{\"@type\":\"ReadAction\",\"target\":[\"https:\/\/snsac.com\/es\/carga-aerea\/\"]}]},{\"@type\":\"BreadcrumbList\",\"@id\":\"https:\/\/snsac.com\/es\/carga-aerea\/#breadcrumb\",\"itemListElement\":[{\"@type\":\"ListItem\",\"position\":1,\"name\":\"Portada\",\"item\":\"https:\/\/snsac.com\/es\/\"},{\"@type\":\"ListItem\",\"position\":2,\"name\":\"Carga A\u00e9rea\"}]}]}<\/script>\n<!-- \/ Yoast SEO plugin. -->","yoast_head_json":{"title":"Carga A\u00e9rea - SN Freight Shipping SAC","robots":{"index":"index","follow":"follow","max-snippet":"max-snippet:-1","max-image-preview":"max-image-preview:large","max-video-preview":"max-video-preview:-1"},"canonical":"https:\/\/snsac.com\/es\/carga-aerea\/","og_locale":"es_ES","og_type":"article","og_title":"Carga A\u00e9rea - SN Freight Shipping SAC","og_description":"[vc_row][vc_column][vc_empty_space height=\u00bb15em\u00bb alter_height=\u00bbnone\u00bb hide_on_mobile=\u00bb\u00bb][\/vc_column][\/vc_row][vc_row][vc_column][vc_empty_space height=\u00bb7em\u00bb alter_height=\u00bbnone\u00bb hide_on_mobile=\u00bb\u00bb][vc_row_inner][vc_column_inner width=\u00bb1\/4&#8243;][vc_wp_custommenu nav_menu=\u00bb29&#8243;][\/vc_column_inner][vc_column_inner width=\u00bb3\/4&#8243;][vc_empty_space height=\u00bb3em\u00bb alter_height=\u00bbnone\u00bb hide_on_mobile=\u00bb\u00bb][vc_column_text] Atendemos sus actividades de importaci\u00f3n y exportaci\u00f3n de carga, a trav\u00e9s de nuestra red mundial de agentes y convenios con todas las aerol\u00edneas. El transporte de mercanc\u00edas por v\u00eda a\u00e9rea trae consigo amplias ventajas como un menor tiempo de tr\u00e1nsito, la tramitaci\u00f3n del papeleo necesario es poca&hellip;","og_url":"https:\/\/snsac.com\/es\/carga-aerea\/","og_site_name":"SN Freight Shipping SAC","article_modified_time":"2017-09-12T19:14:10+00:00","og_image":[{"url":"https:\/\/snsac.com\/es\/wp-content\/uploads\/2017\/08\/cargo-300x203.jpg"}],"twitter_card":"summary","twitter_misc":{"Tiempo de lectura":"3 minutos"},"schema":{"@context":"https:\/\/schema.org","@graph":[{"@type":"WebSite","@id":"https:\/\/snsac.com\/es\/#website","url":"https:\/\/snsac.com\/es\/","name":"SN Freight Shipping SAC","description":"SN Freight Shipping SAC","potentialAction":[{"@type":"SearchAction","target":{"@type":"EntryPoint","urlTemplate":"https:\/\/snsac.com\/es\/?s={search_term_string}"},"query-input":"required name=search_term_string"}],"inLanguage":"es"},{"@type":"ImageObject","@id":"https:\/\/snsac.com\/es\/carga-aerea\/#primaryimage","inLanguage":"es","url":"https:\/\/snsac.com\/es\/wp-content\/uploads\/2017\/08\/cargo-300x203.jpg","contentUrl":"https:\/\/snsac.com\/es\/wp-content\/uploads\/2017\/08\/cargo-300x203.jpg"},{"@type":"WebPage","@id":"https:\/\/snsac.com\/es\/carga-aerea\/#webpage","url":"https:\/\/snsac.com\/es\/carga-aerea\/","name":"Carga A\u00e9rea - SN Freight Shipping SAC","isPartOf":{"@id":"https:\/\/snsac.com\/es\/#website"},"primaryImageOfPage":{"@id":"https:\/\/snsac.com\/es\/carga-aerea\/#primaryimage"},"datePublished":"2017-08-16T15:17:42+00:00","dateModified":"2017-09-12T19:14:10+00:00","breadcrumb":{"@id":"https:\/\/snsac.com\/es\/carga-aerea\/#breadcrumb"},"inLanguage":"es","potentialAction":[{"@type":"ReadAction","target":["https:\/\/snsac.com\/es\/carga-aerea\/"]}]},{"@type":"BreadcrumbList","@id":"https:\/\/snsac.com\/es\/carga-aerea\/#breadcrumb","itemListElement":[{"@type":"ListItem","position":1,"name":"Portada","item":"https:\/\/snsac.com\/es\/"},{"@type":"ListItem","position":2,"name":"Carga A\u00e9rea"}]}]}},"_links":{"self":[{"href":"https:\/\/snsac.com\/es\/wp-json\/wp\/v2\/pages\/1209"}],"collection":[{"href":"https:\/\/snsac.com\/es\/wp-json\/wp\/v2\/pages"}],"about":[{"href":"https:\/\/snsac.com\/es\/wp-json\/wp\/v2\/types\/page"}],"author":[{"embeddable":true,"href":"https:\/\/snsac.com\/es\/wp-json\/wp\/v2\/users\/1"}],"replies":[{"embeddable":true,"href":"https:\/\/snsac.com\/es\/wp-json\/wp\/v2\/comments?post=1209"}],"version-history":[{"count":17,"href":"https:\/\/snsac.com\/es\/wp-json\/wp\/v2\/pages\/1209\/revisions"}],"predecessor-version":[{"id":1821,"href":"https:\/\/snsac.com\/es\/wp-json\/wp\/v2\/pages\/1209\/revisions\/1821"}],"wp:attachment":[{"href":"https:\/\/snsac.com\/es\/wp-json\/wp\/v2\/media?parent=1209"}],"curies":[{"name":"wp","href":"https:\/\/api.w.org\/{rel}","templated":true}]}}