{"id":1213,"date":"2017-08-16T15:20:32","date_gmt":"2017-08-16T15:20:32","guid":{"rendered":"https:\/\/snsac.com\/es\/?page_id=1213"},"modified":"2017-09-12T19:17:55","modified_gmt":"2017-09-12T19:17:55","slug":"agenciamiento-de-aduanas","status":"publish","type":"page","link":"https:\/\/snsac.com\/es\/agenciamiento-de-aduanas\/","title":{"rendered":"Agenciamiento de Aduanas"},"content":{"rendered":"<p>[vc_row][vc_column][vc_empty_space height=\u00bb15em\u00bb alter_height=\u00bbnone\u00bb hide_on_mobile=\u00bb\u00bb]<div id=\"sc_title_1103738138\"\n\t\tclass=\"sc_title sc_title_default\"><h2 class=\"sc_item_title sc_title_title sc_align_center sc_item_title_style_default\"><strong>Nuestros Servicios<\/strong><\/h2><\/div><!-- \/.sc_title -->[\/vc_column][\/vc_row][vc_row][vc_column][vc_empty_space height=\u00bb7em\u00bb alter_height=\u00bbnone\u00bb hide_on_mobile=\u00bb\u00bb][vc_row_inner][vc_column_inner width=\u00bb1\/4&#8243;][vc_wp_custommenu nav_menu=\u00bb29&#8243;][\/vc_column_inner][vc_column_inner width=\u00bb3\/4&#8243;]<div id=\"sc_title_1175137964\"\n\t\tclass=\"sc_title sc_title_default\"><h2 class=\"sc_item_title sc_title_title sc_align_left sc_item_title_style_default\">Agenciamiento de Aduanas<\/h2><\/div><!-- \/.sc_title -->[vc_empty_space height=\u00bb3em\u00bb alter_height=\u00bbnone\u00bb hide_on_mobile=\u00bb\u00bb][vc_column_text]<\/p>\n<p style=\"text-align: justify;\">Nuestros servicios est\u00e1n basados principalmente en la planificaci\u00f3n, rapidez, seguridad y transparencia de las gestiones aduaneras que realizamos en las diferentes aduanas de nuestro pa\u00eds; lo cual nos permite optimizar tiempos y costos.<br \/>\n<img loading=\"lazy\" class=\"alignright wp-image-1346 size-medium\" src=\"https:\/\/snsac.com\/es\/wp-content\/uploads\/2017\/08\/container-trucks-and-port-activity_SFUZGLRNs-300x199.jpg\" alt=\"\" width=\"300\" height=\"199\" srcset=\"https:\/\/snsac.com\/es\/wp-content\/uploads\/2017\/08\/container-trucks-and-port-activity_SFUZGLRNs-300x199.jpg 300w, https:\/\/snsac.com\/es\/wp-content\/uploads\/2017\/08\/container-trucks-and-port-activity_SFUZGLRNs-768x510.jpg 768w, https:\/\/snsac.com\/es\/wp-content\/uploads\/2017\/08\/container-trucks-and-port-activity_SFUZGLRNs-1024x680.jpg 1024w, https:\/\/snsac.com\/es\/wp-content\/uploads\/2017\/08\/container-trucks-and-port-activity_SFUZGLRNs-370x246.jpg 370w, https:\/\/snsac.com\/es\/wp-content\/uploads\/2017\/08\/container-trucks-and-port-activity_SFUZGLRNs-770x511.jpg 770w\" sizes=\"(max-width: 300px) 100vw, 300px\" \/>Como Agencia de Aduanas, tenemos la obligaci\u00f3n de mantener la confianza que nuestros clientes nos depositan al representarlos ante la Autoridad Aduanera en la culminaci\u00f3n de sus despachos.<\/p>\n<h3 style=\"text-align: justify;\">Despacho Aduanero<\/h3>\n<p style=\"text-align: justify;\">Cumplimiento del conjunto de formalidades aduaneras necesarias para que las mercanc\u00edas sean sometidas a un r\u00e9gimen aduanero.<\/p>\n<h3 style=\"text-align: justify;\">Despacho Anticipado<\/h3>\n<p style=\"text-align: justify;\">Se puede solicitar para cualquier mercanc\u00eda hasta 15 d\u00edas antes del arribo de la nave, a fin de conocer el canal para revisi\u00f3n ante Aduanas y tomar las medidas correspondientes optimizando tiempo.<\/p>\n<h3 style=\"text-align: justify;\">Despacho Excepcional<\/h3>\n<p style=\"text-align: justify;\">Esta modalidad exige que la mercanc\u00eda ingrese a un dep\u00f3sito temporal parar posteriormente iniciar el Despacho Aduanero. Anteriormente conocido como Despacho Normal.<br \/>\nEl nuevo modelo de despacho tiene por finalidad modernizar la gesti\u00f3n aduanera mediante la implantaci\u00f3n de las mejores pr\u00e1cticas internacionales y el uso intensivo de la tecnolog\u00eda, bas\u00e1ndose en la modernizaci\u00f3n en el despacho anticipado garantizado.<\/p>\n<p>[\/vc_column_text][\/vc_column_inner][\/vc_row_inner][\/vc_column][\/vc_row][vc_row][vc_column][vc_empty_space height=\u00bb6em\u00bb alter_height=\u00bbnone\u00bb hide_on_mobile=\u00bb\u00bb][\/vc_column][\/vc_row][vc_row full_width=\u00bbstretch_row_content_no_spaces\u00bb css=\u00bb.vc_custom_1503935781122{background-image: url(https:\/\/snsac.com\/es\/wp-content\/uploads\/2016\/11\/action-1-1.jpg?id=1392) !important;}\u00bb][vc_column width=\u00bb1\/2&#8243;]<div  id=\"sc_action_1740139690\" \n\tclass=\"scheme_dark sc_action sc_action_simple\" data-slides-min-width=\"250\"\t><div class=\"sc_action_content sc_item_content\"><div class=\"sc_action_item sc_action_item_simple with_image with_bg_color sc_action_fixed_height sc_action_item_mc\" style=\"background-color:rgba(0,0,0,0.01);height:256px;overflow:hidden;\">\n\t\t\t\t\t\t\t<div class=\"sc_action_item_mask\"><\/div>\n\t\t\t\t<div class=\"sc_action_item_inner\">\n\t\t\t\t<h6 class=\"sc_action_item_subtitle\"><span>Siempre defendemos los transportes<\/span><\/h6><h3 class=\"sc_action_item_title\"><span>Calidad y perfomance al precio justo<\/span><\/h3><a href=\"\/es\/contacto\/\" class=\"sc_action_item_link sc_button_border sc_button_icon_right\">cont\u00e1ctenos<\/a><\/div><!-- \/.sc_action_item_inner --><\/div><\/div><\/div><!-- \/.sc_action -->[\/vc_column][vc_column width=\u00bb1\/2&#8243;]<div  id=\"sc_action_162782167\" \n\tclass=\"scheme_dark sc_action sc_action_simple\" data-slides-min-width=\"250\"\t><div class=\"sc_action_content sc_item_content\"><div class=\"sc_action_item sc_action_item_simple with_image with_bg_color sc_action_fixed_height sc_action_item_mc\" style=\"background-color:rgba(0,0,0,0.01);height:256px;overflow:hidden;\">\n\t\t\t\t\t\t\t<div class=\"sc_action_item_mask\"><\/div>\n\t\t\t\t<div class=\"sc_action_item_inner\">\n\t\t\t\t<h6 class=\"sc_action_item_subtitle\"><span>Pide tu cotizaci\u00f3n ahora mismo.<\/span><\/h6><h3 class=\"sc_action_item_title\"><span>Est\u00e1s a un paso de potenciar tu empresa.<\/span><\/h3><a href=\"\/es\/cotizacion\/\" class=\"sc_action_item_link sc_button_border sc_button_icon_right\">Cotizaci\u00f3n<\/a><\/div><!-- \/.sc_action_item_inner --><\/div><\/div><\/div><!-- \/.sc_action -->[\/vc_column][\/vc_row]<\/p>\n","protected":false},"excerpt":{"rendered":"<p>[vc_row][vc_column][vc_empty_space height=\u00bb15em\u00bb alter_height=\u00bbnone\u00bb hide_on_mobile=\u00bb\u00bb][\/vc_column][\/vc_row][vc_row][vc_column][vc_empty_space height=\u00bb7em\u00bb alter_height=\u00bbnone\u00bb hide_on_mobile=\u00bb\u00bb][vc_row_inner][vc_column_inner width=\u00bb1\/4&#8243;][vc_wp_custommenu nav_menu=\u00bb29&#8243;][\/vc_column_inner][vc_column_inner width=\u00bb3\/4&#8243;][vc_empty_space height=\u00bb3em\u00bb alter_height=\u00bbnone\u00bb hide_on_mobile=\u00bb\u00bb][vc_column_text] Nuestros servicios est\u00e1n basados principalmente en la planificaci\u00f3n, rapidez, seguridad y transparencia de las gestiones aduaneras que realizamos en las diferentes aduanas de nuestro pa\u00eds; lo cual nos permite optimizar tiempos y costos. Como Agencia de Aduanas, tenemos la obligaci\u00f3n de mantener la confianza que nuestros clientes&hellip;<\/p>\n","protected":false},"author":1,"featured_media":0,"parent":0,"menu_order":0,"comment_status":"closed","ping_status":"closed","template":"","meta":[],"yoast_head":"<!-- This site is optimized with the Yoast SEO plugin v18.5.1 - https:\/\/yoast.com\/wordpress\/plugins\/seo\/ -->\n<title>Agenciamiento de Aduanas - SN Freight Shipping SAC<\/title>\n<meta name=\"robots\" content=\"index, follow, max-snippet:-1, max-image-preview:large, max-video-preview:-1\" \/>\n<link rel=\"canonical\" href=\"https:\/\/snsac.com\/es\/agenciamiento-de-aduanas\/\" \/>\n<meta property=\"og:locale\" content=\"es_ES\" \/>\n<meta property=\"og:type\" content=\"article\" \/>\n<meta property=\"og:title\" content=\"Agenciamiento de Aduanas - SN Freight Shipping SAC\" \/>\n<meta property=\"og:description\" content=\"[vc_row][vc_column][vc_empty_space height=\u00bb15em\u00bb alter_height=\u00bbnone\u00bb hide_on_mobile=\u00bb\u00bb][\/vc_column][\/vc_row][vc_row][vc_column][vc_empty_space height=\u00bb7em\u00bb alter_height=\u00bbnone\u00bb hide_on_mobile=\u00bb\u00bb][vc_row_inner][vc_column_inner width=\u00bb1\/4&#8243;][vc_wp_custommenu nav_menu=\u00bb29&#8243;][\/vc_column_inner][vc_column_inner width=\u00bb3\/4&#8243;][vc_empty_space height=\u00bb3em\u00bb alter_height=\u00bbnone\u00bb hide_on_mobile=\u00bb\u00bb][vc_column_text] Nuestros servicios est\u00e1n basados principalmente en la planificaci\u00f3n, rapidez, seguridad y transparencia de las gestiones aduaneras que realizamos en las diferentes aduanas de nuestro pa\u00eds; lo cual nos permite optimizar tiempos y costos. Como Agencia de Aduanas, tenemos la obligaci\u00f3n de mantener la confianza que nuestros clientes&hellip;\" \/>\n<meta property=\"og:url\" content=\"https:\/\/snsac.com\/es\/agenciamiento-de-aduanas\/\" \/>\n<meta property=\"og:site_name\" content=\"SN Freight Shipping SAC\" \/>\n<meta property=\"article:modified_time\" content=\"2017-09-12T19:17:55+00:00\" \/>\n<meta property=\"og:image\" content=\"https:\/\/snsac.com\/es\/wp-content\/uploads\/2017\/08\/container-trucks-and-port-activity_SFUZGLRNs-300x199.jpg\" \/>\n<meta name=\"twitter:card\" content=\"summary\" \/>\n<meta name=\"twitter:label1\" content=\"Tiempo de lectura\" \/>\n\t<meta name=\"twitter:data1\" content=\"3 minutos\" \/>\n<script type=\"application\/ld+json\" class=\"yoast-schema-graph\">{\"@context\":\"https:\/\/schema.org\",\"@graph\":[{\"@type\":\"WebSite\",\"@id\":\"https:\/\/snsac.com\/es\/#website\",\"url\":\"https:\/\/snsac.com\/es\/\",\"name\":\"SN Freight Shipping SAC\",\"description\":\"SN Freight Shipping SAC\",\"potentialAction\":[{\"@type\":\"SearchAction\",\"target\":{\"@type\":\"EntryPoint\",\"urlTemplate\":\"https:\/\/snsac.com\/es\/?s={search_term_string}\"},\"query-input\":\"required name=search_term_string\"}],\"inLanguage\":\"es\"},{\"@type\":\"ImageObject\",\"@id\":\"https:\/\/snsac.com\/es\/agenciamiento-de-aduanas\/#primaryimage\",\"inLanguage\":\"es\",\"url\":\"https:\/\/snsac.com\/es\/wp-content\/uploads\/2017\/08\/container-trucks-and-port-activity_SFUZGLRNs-300x199.jpg\",\"contentUrl\":\"https:\/\/snsac.com\/es\/wp-content\/uploads\/2017\/08\/container-trucks-and-port-activity_SFUZGLRNs-300x199.jpg\"},{\"@type\":\"WebPage\",\"@id\":\"https:\/\/snsac.com\/es\/agenciamiento-de-aduanas\/#webpage\",\"url\":\"https:\/\/snsac.com\/es\/agenciamiento-de-aduanas\/\",\"name\":\"Agenciamiento de Aduanas - SN Freight Shipping SAC\",\"isPartOf\":{\"@id\":\"https:\/\/snsac.com\/es\/#website\"},\"primaryImageOfPage\":{\"@id\":\"https:\/\/snsac.com\/es\/agenciamiento-de-aduanas\/#primaryimage\"},\"datePublished\":\"2017-08-16T15:20:32+00:00\",\"dateModified\":\"2017-09-12T19:17:55+00:00\",\"breadcrumb\":{\"@id\":\"https:\/\/snsac.com\/es\/agenciamiento-de-aduanas\/#breadcrumb\"},\"inLanguage\":\"es\",\"potentialAction\":[{\"@type\":\"ReadAction\",\"target\":[\"https:\/\/snsac.com\/es\/agenciamiento-de-aduanas\/\"]}]},{\"@type\":\"BreadcrumbList\",\"@id\":\"https:\/\/snsac.com\/es\/agenciamiento-de-aduanas\/#breadcrumb\",\"itemListElement\":[{\"@type\":\"ListItem\",\"position\":1,\"name\":\"Portada\",\"item\":\"https:\/\/snsac.com\/es\/\"},{\"@type\":\"ListItem\",\"position\":2,\"name\":\"Agenciamiento de Aduanas\"}]}]}<\/script>\n<!-- \/ Yoast SEO plugin. -->","yoast_head_json":{"title":"Agenciamiento de Aduanas - SN Freight Shipping SAC","robots":{"index":"index","follow":"follow","max-snippet":"max-snippet:-1","max-image-preview":"max-image-preview:large","max-video-preview":"max-video-preview:-1"},"canonical":"https:\/\/snsac.com\/es\/agenciamiento-de-aduanas\/","og_locale":"es_ES","og_type":"article","og_title":"Agenciamiento de Aduanas - SN Freight Shipping SAC","og_description":"[vc_row][vc_column][vc_empty_space height=\u00bb15em\u00bb alter_height=\u00bbnone\u00bb hide_on_mobile=\u00bb\u00bb][\/vc_column][\/vc_row][vc_row][vc_column][vc_empty_space height=\u00bb7em\u00bb alter_height=\u00bbnone\u00bb hide_on_mobile=\u00bb\u00bb][vc_row_inner][vc_column_inner width=\u00bb1\/4&#8243;][vc_wp_custommenu nav_menu=\u00bb29&#8243;][\/vc_column_inner][vc_column_inner width=\u00bb3\/4&#8243;][vc_empty_space height=\u00bb3em\u00bb alter_height=\u00bbnone\u00bb hide_on_mobile=\u00bb\u00bb][vc_column_text] Nuestros servicios est\u00e1n basados principalmente en la planificaci\u00f3n, rapidez, seguridad y transparencia de las gestiones aduaneras que realizamos en las diferentes aduanas de nuestro pa\u00eds; lo cual nos permite optimizar tiempos y costos. Como Agencia de Aduanas, tenemos la obligaci\u00f3n de mantener la confianza que nuestros clientes&hellip;","og_url":"https:\/\/snsac.com\/es\/agenciamiento-de-aduanas\/","og_site_name":"SN Freight Shipping SAC","article_modified_time":"2017-09-12T19:17:55+00:00","og_image":[{"url":"https:\/\/snsac.com\/es\/wp-content\/uploads\/2017\/08\/container-trucks-and-port-activity_SFUZGLRNs-300x199.jpg"}],"twitter_card":"summary","twitter_misc":{"Tiempo de lectura":"3 minutos"},"schema":{"@context":"https:\/\/schema.org","@graph":[{"@type":"WebSite","@id":"https:\/\/snsac.com\/es\/#website","url":"https:\/\/snsac.com\/es\/","name":"SN Freight Shipping SAC","description":"SN Freight Shipping SAC","potentialAction":[{"@type":"SearchAction","target":{"@type":"EntryPoint","urlTemplate":"https:\/\/snsac.com\/es\/?s={search_term_string}"},"query-input":"required name=search_term_string"}],"inLanguage":"es"},{"@type":"ImageObject","@id":"https:\/\/snsac.com\/es\/agenciamiento-de-aduanas\/#primaryimage","inLanguage":"es","url":"https:\/\/snsac.com\/es\/wp-content\/uploads\/2017\/08\/container-trucks-and-port-activity_SFUZGLRNs-300x199.jpg","contentUrl":"https:\/\/snsac.com\/es\/wp-content\/uploads\/2017\/08\/container-trucks-and-port-activity_SFUZGLRNs-300x199.jpg"},{"@type":"WebPage","@id":"https:\/\/snsac.com\/es\/agenciamiento-de-aduanas\/#webpage","url":"https:\/\/snsac.com\/es\/agenciamiento-de-aduanas\/","name":"Agenciamiento de Aduanas - SN Freight Shipping SAC","isPartOf":{"@id":"https:\/\/snsac.com\/es\/#website"},"primaryImageOfPage":{"@id":"https:\/\/snsac.com\/es\/agenciamiento-de-aduanas\/#primaryimage"},"datePublished":"2017-08-16T15:20:32+00:00","dateModified":"2017-09-12T19:17:55+00:00","breadcrumb":{"@id":"https:\/\/snsac.com\/es\/agenciamiento-de-aduanas\/#breadcrumb"},"inLanguage":"es","potentialAction":[{"@type":"ReadAction","target":["https:\/\/snsac.com\/es\/agenciamiento-de-aduanas\/"]}]},{"@type":"BreadcrumbList","@id":"https:\/\/snsac.com\/es\/agenciamiento-de-aduanas\/#breadcrumb","itemListElement":[{"@type":"ListItem","position":1,"name":"Portada","item":"https:\/\/snsac.com\/es\/"},{"@type":"ListItem","position":2,"name":"Agenciamiento de Aduanas"}]}]}},"_links":{"self":[{"href":"https:\/\/snsac.com\/es\/wp-json\/wp\/v2\/pages\/1213"}],"collection":[{"href":"https:\/\/snsac.com\/es\/wp-json\/wp\/v2\/pages"}],"about":[{"href":"https:\/\/snsac.com\/es\/wp-json\/wp\/v2\/types\/page"}],"author":[{"embeddable":true,"href":"https:\/\/snsac.com\/es\/wp-json\/wp\/v2\/users\/1"}],"replies":[{"embeddable":true,"href":"https:\/\/snsac.com\/es\/wp-json\/wp\/v2\/comments?post=1213"}],"version-history":[{"count":18,"href":"https:\/\/snsac.com\/es\/wp-json\/wp\/v2\/pages\/1213\/revisions"}],"predecessor-version":[{"id":1823,"href":"https:\/\/snsac.com\/es\/wp-json\/wp\/v2\/pages\/1213\/revisions\/1823"}],"wp:attachment":[{"href":"https:\/\/snsac.com\/es\/wp-json\/wp\/v2\/media?parent=1213"}],"curies":[{"name":"wp","href":"https:\/\/api.w.org\/{rel}","templated":true}]}}