{"id":1215,"date":"2017-08-16T15:21:39","date_gmt":"2017-08-16T15:21:39","guid":{"rendered":"https:\/\/snsac.com\/es\/?page_id=1215"},"modified":"2017-09-12T19:19:54","modified_gmt":"2017-09-12T19:19:54","slug":"logistica-integral","status":"publish","type":"page","link":"https:\/\/snsac.com\/es\/logistica-integral\/","title":{"rendered":"Log\u00edstica Integral"},"content":{"rendered":"<p>[vc_row][vc_column][vc_empty_space height=\u00bb15em\u00bb alter_height=\u00bbnone\u00bb hide_on_mobile=\u00bb\u00bb]<div id=\"sc_title_997788214\"\n\t\tclass=\"sc_title sc_title_default\"><h2 class=\"sc_item_title sc_title_title sc_align_center sc_item_title_style_default\"><strong>Nuestros Servicios<\/strong><\/h2><\/div><!-- \/.sc_title -->[\/vc_column][\/vc_row][vc_row][vc_column][vc_empty_space height=\u00bb7em\u00bb alter_height=\u00bbnone\u00bb hide_on_mobile=\u00bb\u00bb][vc_row_inner][vc_column_inner width=\u00bb1\/4&#8243;][vc_wp_custommenu nav_menu=\u00bb29&#8243;][\/vc_column_inner][vc_column_inner width=\u00bb3\/4&#8243;]<div id=\"sc_title_132313643\"\n\t\tclass=\"sc_title sc_title_default\"><h2 class=\"sc_item_title sc_title_title sc_align_left sc_item_title_style_default\">Log\u00edstica Integral<\/h2><\/div><!-- \/.sc_title -->[vc_empty_space height=\u00bb3em\u00bb alter_height=\u00bbnone\u00bb hide_on_mobile=\u00bb\u00bb][vc_column_text]<img loading=\"lazy\" class=\"size-medium wp-image-1344 alignright\" src=\"https:\/\/snsac.com\/es\/wp-content\/uploads\/2017\/08\/logistica-integral2-300x201.jpg\" alt=\"\" width=\"300\" height=\"201\" srcset=\"https:\/\/snsac.com\/es\/wp-content\/uploads\/2017\/08\/logistica-integral2-300x201.jpg 300w, https:\/\/snsac.com\/es\/wp-content\/uploads\/2017\/08\/logistica-integral2-768x514.jpg 768w, https:\/\/snsac.com\/es\/wp-content\/uploads\/2017\/08\/logistica-integral2-1024x685.jpg 1024w, https:\/\/snsac.com\/es\/wp-content\/uploads\/2017\/08\/logistica-integral2-370x248.jpg 370w, https:\/\/snsac.com\/es\/wp-content\/uploads\/2017\/08\/logistica-integral2-770x515.jpg 770w\" sizes=\"(max-width: 300px) 100vw, 300px\" \/><\/p>\n<p style=\"text-align: justify;\">Somos tu agencia de carga internacional, te brindamos el soporte log\u00edstico de importaci\u00f3n y exportaci\u00f3n, bas\u00e1ndonos en la responsabilidad, eficacia, confiabilidad y rapidez que necesitas.<\/p>\n<p style=\"text-align: justify;\">Cotizamos tus fletes de forma \u00e1gil, asimismo elaboramos una estructura de costos, si as\u00ed lo deseas, de las mercanc\u00edas que quieres comprar partiendo del valor EXW o FOB hasta ponerlo en el almac\u00e9n o destino final; detallando los costos del Inland, Flete Internacional, Impuestos de nacionalizaci\u00f3n, Portuarios, de Almac\u00e9n, Agenciamiento de Aduanas y Transporte Local, proyectando tus costos desde antes de la compra para determinar tus m\u00e1rgenes de ganancia y rentabilidad.<\/p>\n<p style=\"text-align: justify;\">Ofrecemos el servicio de Agencia de Aduana, asesor\u00e1ndote de forma personalizada para una correcta Declaraci\u00f3n Aduanera, solicitamos con anticipaci\u00f3n los documentos necesarios, evitando problemas y dilaciones en este tr\u00e1mite, lo que se traduce en ahorro de costos en tiempo y dinero.<\/p>\n<p>[\/vc_column_text][\/vc_column_inner][\/vc_row_inner][\/vc_column][\/vc_row][vc_row][vc_column][vc_empty_space height=\u00bb6em\u00bb alter_height=\u00bbnone\u00bb hide_on_mobile=\u00bb\u00bb][\/vc_column][\/vc_row][vc_row full_width=\u00bbstretch_row_content_no_spaces\u00bb css=\u00bb.vc_custom_1503935781122{background-image: url(https:\/\/snsac.com\/es\/wp-content\/uploads\/2016\/11\/action-1-1.jpg?id=1392) !important;}\u00bb][vc_column width=\u00bb1\/2&#8243;]<div  id=\"sc_action_778451313\" \n\tclass=\"scheme_dark sc_action sc_action_simple\" data-slides-min-width=\"250\"\t><div class=\"sc_action_content sc_item_content\"><div class=\"sc_action_item sc_action_item_simple with_image with_bg_color sc_action_fixed_height sc_action_item_mc\" style=\"background-color:rgba(0,0,0,0.01);height:256px;overflow:hidden;\">\n\t\t\t\t\t\t\t<div class=\"sc_action_item_mask\"><\/div>\n\t\t\t\t<div class=\"sc_action_item_inner\">\n\t\t\t\t<h6 class=\"sc_action_item_subtitle\"><span>Siempre defendemos los transportes<\/span><\/h6><h3 class=\"sc_action_item_title\"><span>Calidad y perfomance al precio justo<\/span><\/h3><a href=\"\/es\/contacto\/\" class=\"sc_action_item_link sc_button_border sc_button_icon_right\">cont\u00e1ctenos<\/a><\/div><!-- \/.sc_action_item_inner --><\/div><\/div><\/div><!-- \/.sc_action -->[\/vc_column][vc_column width=\u00bb1\/2&#8243;]<div  id=\"sc_action_1504550191\" \n\tclass=\"scheme_dark sc_action sc_action_simple\" data-slides-min-width=\"250\"\t><div class=\"sc_action_content sc_item_content\"><div class=\"sc_action_item sc_action_item_simple with_image with_bg_color sc_action_fixed_height sc_action_item_mc\" style=\"background-color:rgba(0,0,0,0.01);height:256px;overflow:hidden;\">\n\t\t\t\t\t\t\t<div class=\"sc_action_item_mask\"><\/div>\n\t\t\t\t<div class=\"sc_action_item_inner\">\n\t\t\t\t<h6 class=\"sc_action_item_subtitle\"><span>Pide tu cotizaci\u00f3n ahora mismo.<\/span><\/h6><h3 class=\"sc_action_item_title\"><span>Est\u00e1s a un paso de potenciar tu empresa.<\/span><\/h3><a href=\"\/es\/cotizacion\/\" class=\"sc_action_item_link sc_button_border sc_button_icon_right\">Cotizaci\u00f3n<\/a><\/div><!-- \/.sc_action_item_inner --><\/div><\/div><\/div><!-- \/.sc_action -->[\/vc_column][\/vc_row]<\/p>\n","protected":false},"excerpt":{"rendered":"<p>[vc_row][vc_column][vc_empty_space height=\u00bb15em\u00bb alter_height=\u00bbnone\u00bb hide_on_mobile=\u00bb\u00bb][\/vc_column][\/vc_row][vc_row][vc_column][vc_empty_space height=\u00bb7em\u00bb alter_height=\u00bbnone\u00bb hide_on_mobile=\u00bb\u00bb][vc_row_inner][vc_column_inner width=\u00bb1\/4&#8243;][vc_wp_custommenu nav_menu=\u00bb29&#8243;][\/vc_column_inner][vc_column_inner width=\u00bb3\/4&#8243;][vc_empty_space height=\u00bb3em\u00bb alter_height=\u00bbnone\u00bb hide_on_mobile=\u00bb\u00bb][vc_column_text] Somos tu agencia de carga internacional, te brindamos el soporte log\u00edstico de importaci\u00f3n y exportaci\u00f3n, bas\u00e1ndonos en la responsabilidad, eficacia, confiabilidad y rapidez que necesitas. Cotizamos tus fletes de forma \u00e1gil, asimismo elaboramos una estructura de costos, si as\u00ed lo deseas, de las mercanc\u00edas que quieres comprar&hellip;<\/p>\n","protected":false},"author":1,"featured_media":0,"parent":0,"menu_order":0,"comment_status":"closed","ping_status":"closed","template":"","meta":[],"yoast_head":"<!-- This site is optimized with the Yoast SEO plugin v18.5.1 - https:\/\/yoast.com\/wordpress\/plugins\/seo\/ -->\n<title>Log\u00edstica Integral - SN Freight Shipping SAC<\/title>\n<meta name=\"robots\" content=\"index, follow, max-snippet:-1, max-image-preview:large, max-video-preview:-1\" \/>\n<link rel=\"canonical\" href=\"https:\/\/snsac.com\/es\/logistica-integral\/\" \/>\n<meta property=\"og:locale\" content=\"es_ES\" \/>\n<meta property=\"og:type\" content=\"article\" \/>\n<meta property=\"og:title\" content=\"Log\u00edstica Integral - SN Freight Shipping SAC\" \/>\n<meta property=\"og:description\" content=\"[vc_row][vc_column][vc_empty_space height=\u00bb15em\u00bb alter_height=\u00bbnone\u00bb hide_on_mobile=\u00bb\u00bb][\/vc_column][\/vc_row][vc_row][vc_column][vc_empty_space height=\u00bb7em\u00bb alter_height=\u00bbnone\u00bb hide_on_mobile=\u00bb\u00bb][vc_row_inner][vc_column_inner width=\u00bb1\/4&#8243;][vc_wp_custommenu nav_menu=\u00bb29&#8243;][\/vc_column_inner][vc_column_inner width=\u00bb3\/4&#8243;][vc_empty_space height=\u00bb3em\u00bb alter_height=\u00bbnone\u00bb hide_on_mobile=\u00bb\u00bb][vc_column_text] Somos tu agencia de carga internacional, te brindamos el soporte log\u00edstico de importaci\u00f3n y exportaci\u00f3n, bas\u00e1ndonos en la responsabilidad, eficacia, confiabilidad y rapidez que necesitas. Cotizamos tus fletes de forma \u00e1gil, asimismo elaboramos una estructura de costos, si as\u00ed lo deseas, de las mercanc\u00edas que quieres comprar&hellip;\" \/>\n<meta property=\"og:url\" content=\"https:\/\/snsac.com\/es\/logistica-integral\/\" \/>\n<meta property=\"og:site_name\" content=\"SN Freight Shipping SAC\" \/>\n<meta property=\"article:modified_time\" content=\"2017-09-12T19:19:54+00:00\" \/>\n<meta property=\"og:image\" content=\"https:\/\/snsac.com\/es\/wp-content\/uploads\/2017\/08\/logistica-integral2-300x201.jpg\" \/>\n<meta name=\"twitter:card\" content=\"summary\" \/>\n<meta name=\"twitter:label1\" content=\"Tiempo de lectura\" \/>\n\t<meta name=\"twitter:data1\" content=\"3 minutos\" \/>\n<script type=\"application\/ld+json\" class=\"yoast-schema-graph\">{\"@context\":\"https:\/\/schema.org\",\"@graph\":[{\"@type\":\"WebSite\",\"@id\":\"https:\/\/snsac.com\/es\/#website\",\"url\":\"https:\/\/snsac.com\/es\/\",\"name\":\"SN Freight Shipping SAC\",\"description\":\"SN Freight Shipping SAC\",\"potentialAction\":[{\"@type\":\"SearchAction\",\"target\":{\"@type\":\"EntryPoint\",\"urlTemplate\":\"https:\/\/snsac.com\/es\/?s={search_term_string}\"},\"query-input\":\"required name=search_term_string\"}],\"inLanguage\":\"es\"},{\"@type\":\"ImageObject\",\"@id\":\"https:\/\/snsac.com\/es\/logistica-integral\/#primaryimage\",\"inLanguage\":\"es\",\"url\":\"https:\/\/snsac.com\/es\/wp-content\/uploads\/2017\/08\/logistica-integral2-300x201.jpg\",\"contentUrl\":\"https:\/\/snsac.com\/es\/wp-content\/uploads\/2017\/08\/logistica-integral2-300x201.jpg\"},{\"@type\":\"WebPage\",\"@id\":\"https:\/\/snsac.com\/es\/logistica-integral\/#webpage\",\"url\":\"https:\/\/snsac.com\/es\/logistica-integral\/\",\"name\":\"Log\u00edstica Integral - SN Freight Shipping SAC\",\"isPartOf\":{\"@id\":\"https:\/\/snsac.com\/es\/#website\"},\"primaryImageOfPage\":{\"@id\":\"https:\/\/snsac.com\/es\/logistica-integral\/#primaryimage\"},\"datePublished\":\"2017-08-16T15:21:39+00:00\",\"dateModified\":\"2017-09-12T19:19:54+00:00\",\"breadcrumb\":{\"@id\":\"https:\/\/snsac.com\/es\/logistica-integral\/#breadcrumb\"},\"inLanguage\":\"es\",\"potentialAction\":[{\"@type\":\"ReadAction\",\"target\":[\"https:\/\/snsac.com\/es\/logistica-integral\/\"]}]},{\"@type\":\"BreadcrumbList\",\"@id\":\"https:\/\/snsac.com\/es\/logistica-integral\/#breadcrumb\",\"itemListElement\":[{\"@type\":\"ListItem\",\"position\":1,\"name\":\"Portada\",\"item\":\"https:\/\/snsac.com\/es\/\"},{\"@type\":\"ListItem\",\"position\":2,\"name\":\"Log\u00edstica Integral\"}]}]}<\/script>\n<!-- \/ Yoast SEO plugin. -->","yoast_head_json":{"title":"Log\u00edstica Integral - SN Freight Shipping SAC","robots":{"index":"index","follow":"follow","max-snippet":"max-snippet:-1","max-image-preview":"max-image-preview:large","max-video-preview":"max-video-preview:-1"},"canonical":"https:\/\/snsac.com\/es\/logistica-integral\/","og_locale":"es_ES","og_type":"article","og_title":"Log\u00edstica Integral - SN Freight Shipping SAC","og_description":"[vc_row][vc_column][vc_empty_space height=\u00bb15em\u00bb alter_height=\u00bbnone\u00bb hide_on_mobile=\u00bb\u00bb][\/vc_column][\/vc_row][vc_row][vc_column][vc_empty_space height=\u00bb7em\u00bb alter_height=\u00bbnone\u00bb hide_on_mobile=\u00bb\u00bb][vc_row_inner][vc_column_inner width=\u00bb1\/4&#8243;][vc_wp_custommenu nav_menu=\u00bb29&#8243;][\/vc_column_inner][vc_column_inner width=\u00bb3\/4&#8243;][vc_empty_space height=\u00bb3em\u00bb alter_height=\u00bbnone\u00bb hide_on_mobile=\u00bb\u00bb][vc_column_text] Somos tu agencia de carga internacional, te brindamos el soporte log\u00edstico de importaci\u00f3n y exportaci\u00f3n, bas\u00e1ndonos en la responsabilidad, eficacia, confiabilidad y rapidez que necesitas. Cotizamos tus fletes de forma \u00e1gil, asimismo elaboramos una estructura de costos, si as\u00ed lo deseas, de las mercanc\u00edas que quieres comprar&hellip;","og_url":"https:\/\/snsac.com\/es\/logistica-integral\/","og_site_name":"SN Freight Shipping SAC","article_modified_time":"2017-09-12T19:19:54+00:00","og_image":[{"url":"https:\/\/snsac.com\/es\/wp-content\/uploads\/2017\/08\/logistica-integral2-300x201.jpg"}],"twitter_card":"summary","twitter_misc":{"Tiempo de lectura":"3 minutos"},"schema":{"@context":"https:\/\/schema.org","@graph":[{"@type":"WebSite","@id":"https:\/\/snsac.com\/es\/#website","url":"https:\/\/snsac.com\/es\/","name":"SN Freight Shipping SAC","description":"SN Freight Shipping SAC","potentialAction":[{"@type":"SearchAction","target":{"@type":"EntryPoint","urlTemplate":"https:\/\/snsac.com\/es\/?s={search_term_string}"},"query-input":"required name=search_term_string"}],"inLanguage":"es"},{"@type":"ImageObject","@id":"https:\/\/snsac.com\/es\/logistica-integral\/#primaryimage","inLanguage":"es","url":"https:\/\/snsac.com\/es\/wp-content\/uploads\/2017\/08\/logistica-integral2-300x201.jpg","contentUrl":"https:\/\/snsac.com\/es\/wp-content\/uploads\/2017\/08\/logistica-integral2-300x201.jpg"},{"@type":"WebPage","@id":"https:\/\/snsac.com\/es\/logistica-integral\/#webpage","url":"https:\/\/snsac.com\/es\/logistica-integral\/","name":"Log\u00edstica Integral - SN Freight Shipping SAC","isPartOf":{"@id":"https:\/\/snsac.com\/es\/#website"},"primaryImageOfPage":{"@id":"https:\/\/snsac.com\/es\/logistica-integral\/#primaryimage"},"datePublished":"2017-08-16T15:21:39+00:00","dateModified":"2017-09-12T19:19:54+00:00","breadcrumb":{"@id":"https:\/\/snsac.com\/es\/logistica-integral\/#breadcrumb"},"inLanguage":"es","potentialAction":[{"@type":"ReadAction","target":["https:\/\/snsac.com\/es\/logistica-integral\/"]}]},{"@type":"BreadcrumbList","@id":"https:\/\/snsac.com\/es\/logistica-integral\/#breadcrumb","itemListElement":[{"@type":"ListItem","position":1,"name":"Portada","item":"https:\/\/snsac.com\/es\/"},{"@type":"ListItem","position":2,"name":"Log\u00edstica Integral"}]}]}},"_links":{"self":[{"href":"https:\/\/snsac.com\/es\/wp-json\/wp\/v2\/pages\/1215"}],"collection":[{"href":"https:\/\/snsac.com\/es\/wp-json\/wp\/v2\/pages"}],"about":[{"href":"https:\/\/snsac.com\/es\/wp-json\/wp\/v2\/types\/page"}],"author":[{"embeddable":true,"href":"https:\/\/snsac.com\/es\/wp-json\/wp\/v2\/users\/1"}],"replies":[{"embeddable":true,"href":"https:\/\/snsac.com\/es\/wp-json\/wp\/v2\/comments?post=1215"}],"version-history":[{"count":25,"href":"https:\/\/snsac.com\/es\/wp-json\/wp\/v2\/pages\/1215\/revisions"}],"predecessor-version":[{"id":1824,"href":"https:\/\/snsac.com\/es\/wp-json\/wp\/v2\/pages\/1215\/revisions\/1824"}],"wp:attachment":[{"href":"https:\/\/snsac.com\/es\/wp-json\/wp\/v2\/media?parent=1215"}],"curies":[{"name":"wp","href":"https:\/\/api.w.org\/{rel}","templated":true}]}}